{"id":38,"date":"2026-04-06T03:52:30","date_gmt":"2026-04-06T03:52:30","guid":{"rendered":"https:\/\/siedconference.com\/?page_id=38"},"modified":"2026-05-07T06:40:14","modified_gmt":"2026-05-07T06:40:14","slug":"committee","status":"publish","type":"page","link":"https:\/\/siedconference.com\/index.php\/committee\/","title":{"rendered":"COMMITTEE"},"content":{"rendered":"\n<p class=\"has-text-align-center has-large-font-size\"><strong>Honorary Chair<\/strong><\/p>\n\n\n<div class=\"wp-block-image\">\n<figure class=\"aligncenter size-full\"><img fetchpriority=\"high\" decoding=\"async\" width=\"250\" height=\"375\" src=\"https:\/\/siedconference.com\/wp-content\/uploads\/2026\/04\/rector-1-edited.jpg\" alt=\"\" class=\"wp-image-59\" srcset=\"https:\/\/siedconference.com\/wp-content\/uploads\/2026\/04\/rector-1-edited.jpg 250w, https:\/\/siedconference.com\/wp-content\/uploads\/2026\/04\/rector-1-edited-200x300.jpg 200w\" sizes=\"(max-width: 250px) 100vw, 250px\" \/><\/figure>\n<\/div>\n\n\n<p class=\"has-text-align-center\">Prof. Gulchohra Mammadova<br>Rector, Azerbaijan University of Architecture and Construction, Azerbaijan<\/p>\n\n\n\n<p><\/p>\n\n\n\n<p><\/p>\n\n\n\n<p class=\"has-text-align-center has-medium-font-size\"><strong>Executive Committee<\/strong><\/p>\n\n\n\n<p class=\"has-text-align-left has-medium-font-size\">Prof. Dr. Akira Wada \u2014 Tokyo Institute of Technology, Japan <strong>(invited speaker)<\/strong><br>Prof. Dr. Mustafa Erdik \u2014 Bo\u011fazi\u00e7i University, T\u00fcrkiye <strong>(invited speaker)<\/strong><br>Prof. Dr. Azer Kasimzade \u2014 Azerbaijan University of Architecture and Construction, Azerbaijan <strong>(invited speaker)<\/strong><br>Prof. Paolo Clemente \u2014 Sapienza University of Rome, Italy<br>Prof. Anastasios Sextos \u2014 University of Bristol, UK <strong>(invited speaker)<\/strong><br>Prof. Nigar Aslanova \u2014 Azerbaijan University of Architecture and Construction, Azerbaijan<br>Dr. Ian Aiken \u2014 Anti-Seismic Systems International Society (ASSISi), California, USA <strong>(invited speaker)<\/strong><br>Asst. Prof. Bahad\u0131r \u015eadan \u2014 MEF University, T\u00fcrkiye<\/p>\n\n\n\n<p class=\"has-text-align-center has-medium-font-size\"><br><strong>Scientific Committee<\/strong><\/p>\n\n\n\n<p class=\"has-text-align-left has-medium-font-size\">Prof. Dr. Akira Wada \u2014 Tokyo Institute of Technology, Japan <strong>(invited speaker)<\/strong><br>Prof. Dr. Mustafa Erdik \u2014 Bo\u011fazi\u00e7i University, T\u00fcrkiye <strong>(invited speaker)<\/strong><br>Prof. Dr. Azer Kasimzade \u2014 Azerbaijan University of Architecture and Construction, Azerbaijan <strong>(invited speaker)<\/strong><br>Prof. Dr. Paolo Clemente \u2014 ENEA, Italy<br>Prof. Nigar Aslanova \u2014 Azerbaijan University of Architecture and Construction, Azerbaijan<br>Prof. Dr. Farzad Naeim \u2014 Samueli School of Engineering, USA<br>Prof. Atilla Ansal &#8211; \u00d6zye\u011fin University, T\u00fcrkiye<br>Prof. Dr. Sinan Akkar \u2014 Bo\u011fazi\u00e7i University, T\u00fcrkiye<br>Dr. Tuna Onur \u2014Victoria University, Canada <br>Dr. Mine B. Demircio\u011flu \u2014 Earthquake Research and Engineering (ERE) Inc <br>Prof. Zoran Raki\u0107evi\u0107 \u2014 Ss. Cyril and Methodius University in Skopje, North Macedonia<br>Prof. Humberto Varum \u2014 University of Porto, Portugal<br>Prof. Tribikram Kundu \u2014 University of Arizona, USA<br>Prof. Carlos Ventura \u2014 University of British Columbia, Canada<br>Dr. Gurban Yetirmishli \u2014 Azerbaijan National Academy of Sciences, Azerbaijan<br>Asst. Prof. Bahad\u0131r \u015eadan \u2014 MEF University, T\u00fcrkiye<br>Assoc. Prof.Cem Yenido\u011fan \u2014 Y\u0131ld\u0131z Technical University, T\u00fcrkiye<br>Dr. Ian Aiken \u2014 Anti-Seismic Systems International Society (ASSISi), California, USA <strong>(invited speaker)<\/strong><br>Asst. Prof. Fatih S\u00fctc\u00fc \u2014 Istanbul Technical University, T\u00fcrkiye<br>Prof. Anastasios Sextos \u2014 University of Bristol, UK <strong>(invited speaker)<\/strong><br>Prof. Tamaz Chelidze \u2014 Mikheil Nodia Institute of Geophysics, Georgia<br>Dr. Nino S. Tsereteli \u2014 Mikheil Nodia Institute of Geophysics, Georgia<br>Prof. Tengiz Kiria \u2014 Ivane Javakhishvili Tbilisi State University, Georgia<br>Prof. Jemal Kiria \u2014 Ivane Javakhishvili Tbilisi State University, Georgia<br>Prof. Oleksandr Trofymchuk \u2014 Institute of Telecommunications and Global Information Space, NAS of Ukraine<br>Prof. Iurii Kaliukh \u2014 Institute of Telecommunications and Global Information Space, NAS of Ukraine<br>Dr. Yaroslav Berchun \u2014 Institute of Telecommunications and Global Information Space, NAS of Ukraine<br>Dr. Islombek Gulomjoniovich Akhmedov \u2014 Namangan State Technical University, Uzbekistan<br>Dr. Said Sanatovich Shaumarov \u2014 Tashkent State Transport University, Uzbekistan<br>Dr. \u0130brahim Mirzayev \u2014 Tashkent State Transport University, Uzbekistan<br><\/p>\n\n\n\n<p class=\"has-text-align-center has-medium-font-size\"><br><strong>Organizing Committee<br><\/strong><\/p>\n\n\n\n<p class=\"has-text-align-left has-medium-font-size\">Akif Gasimov, Vice-Rector for Academic Affairs, Azerbaijan University of Architecture and Construction, Azerbaijan<br>Nargiz Abdullayeva, Vice-Rector for International Relations, Azerbaijan University of Architecture and Construction, Azerbaijan<br>Israfil Mammadov, Vice-Rector for Economic and Administrative Affairs, Azerbaijan University of Architecture and Construction, Azerbaijan<br>Agil Mammadov, Vice-Rector for General Affairs, Azerbaijan University of Architecture and Construction, Azerbaijan<br>Reyhan Akbarli, Azerbaijan University of Architecture and Construction, Azerbaijan<br>Sahib Farzaliyev \u2014 Azerbaijan University of Architecture and Construction<br>Mukhlis Hajiyev \u2014 Azerbaijan University of Architecture and Construction<br>Jeyhun Musayev \u2014 Azerbaijan University of Architecture and Construction<br>Sarkhan Talibzada \u2014 Azerbaijan University of Architecture and Construction<br>Emin Nematov \u2014 Azerbaijan University of Architecture and Construction<br>Sona Mirzakhanova \u2014 Azerbaijan University of Architecture and Construction<br><\/p>\n\n\n\n<p class=\"has-text-align-center has-medium-font-size\"><\/p>\n\n\n\n<p class=\"has-text-align-center has-medium-font-size\"><br><\/p>\n\n\n\n<p class=\"has-text-align-left has-medium-font-size\"><br><\/p>\n\n\n\n<h3 class=\"wp-block-heading has-medium-font-size\"><\/h3>\n\n\n\n<p><\/p>\n","protected":false},"excerpt":{"rendered":"<p>Honorary Chair Prof. Gulchohra MammadovaRector, Azerbaijan University of Architecture and Construction, Azerbaijan Executive Committee Prof. Dr. Akira Wada \u2014 Tokyo Institute of Technology, Japan (invited&hellip;<\/p>\n","protected":false},"author":1,"featured_media":0,"parent":0,"menu_order":0,"comment_status":"closed","ping_status":"closed","template":"","meta":{"footnotes":""},"class_list":["post-38","page","type-page","status-publish","hentry"],"_links":{"self":[{"href":"https:\/\/siedconference.com\/index.php\/wp-json\/wp\/v2\/pages\/38","targetHints":{"allow":["GET"]}}],"collection":[{"href":"https:\/\/siedconference.com\/index.php\/wp-json\/wp\/v2\/pages"}],"about":[{"href":"https:\/\/siedconference.com\/index.php\/wp-json\/wp\/v2\/types\/page"}],"author":[{"embeddable":true,"href":"https:\/\/siedconference.com\/index.php\/wp-json\/wp\/v2\/users\/1"}],"replies":[{"embeddable":true,"href":"https:\/\/siedconference.com\/index.php\/wp-json\/wp\/v2\/comments?post=38"}],"version-history":[{"count":19,"href":"https:\/\/siedconference.com\/index.php\/wp-json\/wp\/v2\/pages\/38\/revisions"}],"predecessor-version":[{"id":233,"href":"https:\/\/siedconference.com\/index.php\/wp-json\/wp\/v2\/pages\/38\/revisions\/233"}],"wp:attachment":[{"href":"https:\/\/siedconference.com\/index.php\/wp-json\/wp\/v2\/media?parent=38"}],"curies":[{"name":"wp","href":"https:\/\/api.w.org\/{rel}","templated":true}]}}